{"id":659,"date":"2023-12-19T20:46:48","date_gmt":"2023-12-19T19:46:48","guid":{"rendered":"https:\/\/sushiroom.no\/nesttun\/?post_type=product&#038;p=659"},"modified":"2025-04-12T17:13:32","modified_gmt":"2025-04-12T15:13:32","slug":"stekt-biff-med-sesamfro-paprika-og-lok","status":"publish","type":"product","link":"https:\/\/sushiroom.no\/nesttun\/produkt\/stekt-biff-med-sesamfro-paprika-og-lok\/","title":{"rendered":"Stekt biff med sesamfro, paprika og l\u00f8k"},"content":{"rendered":"<p>Stekt biff med sesamfro, paprika og l\u00f8k<\/p>\n","protected":false},"excerpt":{"rendered":"<p>Stekt biff med sesamfr\u00f8, paprika og l\u00f8k. | Allergener: Gluten, egg, soya, sesam, bl\u00f8tdyr, skalldyr, fisk.<\/p>\n","protected":false},"featured_media":681,"comment_status":"open","ping_status":"closed","template":"","meta":[],"product_cat":[39],"product_tag":[],"yoast_head":"<!-- This site is optimized with the Yoast SEO plugin v23.5 - https:\/\/yoast.com\/wordpress\/plugins\/seo\/ -->\n<title>Stekt biff med sesamfro, paprika og l\u00f8k - Sushiroom nesttun<\/title>\n<meta name=\"robots\" content=\"index, follow, max-snippet:-1, max-image-preview:large, max-video-preview:-1\" \/>\n<link rel=\"canonical\" href=\"https:\/\/sushiroom.no\/nesttun\/produkt\/stekt-biff-med-sesamfro-paprika-og-lok\/\" \/>\n<meta property=\"og:locale\" content=\"nb_NO\" \/>\n<meta property=\"og:type\" content=\"article\" \/>\n<meta property=\"og:title\" content=\"Stekt biff med sesamfro, paprika og l\u00f8k - Sushiroom nesttun\" \/>\n<meta property=\"og:description\" content=\"Stekt biff med sesamfr\u00f8, paprika og l\u00f8k. | Allergener: Gluten, egg, soya, sesam, bl\u00f8tdyr, skalldyr, fisk.\" \/>\n<meta property=\"og:url\" content=\"https:\/\/sushiroom.no\/nesttun\/produkt\/stekt-biff-med-sesamfro-paprika-og-lok\/\" \/>\n<meta property=\"og:site_name\" content=\"Sushiroom nesttun\" \/>\n<meta property=\"article:modified_time\" content=\"2025-04-12T15:13:32+00:00\" \/>\n<meta property=\"og:image\" content=\"http:\/\/sushiroom.no\/nesttun\/wp-content\/uploads\/sites\/6\/2023\/12\/Nr11-scaled.jpg\" \/>\n\t<meta property=\"og:image:width\" content=\"2560\" \/>\n\t<meta property=\"og:image:height\" content=\"1707\" \/>\n\t<meta property=\"og:image:type\" content=\"image\/jpeg\" \/>\n<meta name=\"twitter:card\" content=\"summary_large_image\" \/>\n<meta name=\"twitter:label1\" content=\"Ansl. lesetid\" \/>\n\t<meta name=\"twitter:data1\" content=\"1 minutt\" \/>\n<script type=\"application\/ld+json\" class=\"yoast-schema-graph\">{\"@context\":\"https:\/\/schema.org\",\"@graph\":[{\"@type\":\"WebPage\",\"@id\":\"https:\/\/sushiroom.no\/nesttun\/produkt\/stekt-biff-med-sesamfro-paprika-og-lok\/\",\"url\":\"https:\/\/sushiroom.no\/nesttun\/produkt\/stekt-biff-med-sesamfro-paprika-og-lok\/\",\"name\":\"Stekt biff med sesamfro, paprika og l\u00f8k - Sushiroom nesttun\",\"isPartOf\":{\"@id\":\"https:\/\/sushiroom.no\/nesttun\/#website\"},\"primaryImageOfPage\":{\"@id\":\"https:\/\/sushiroom.no\/nesttun\/produkt\/stekt-biff-med-sesamfro-paprika-og-lok\/#primaryimage\"},\"image\":{\"@id\":\"https:\/\/sushiroom.no\/nesttun\/produkt\/stekt-biff-med-sesamfro-paprika-og-lok\/#primaryimage\"},\"thumbnailUrl\":\"https:\/\/sushiroom.no\/nesttun\/wp-content\/uploads\/sites\/6\/2023\/12\/Nr11-scaled.jpg\",\"datePublished\":\"2023-12-19T19:46:48+00:00\",\"dateModified\":\"2025-04-12T15:13:32+00:00\",\"breadcrumb\":{\"@id\":\"https:\/\/sushiroom.no\/nesttun\/produkt\/stekt-biff-med-sesamfro-paprika-og-lok\/#breadcrumb\"},\"inLanguage\":\"nb-NO\",\"potentialAction\":[{\"@type\":\"ReadAction\",\"target\":[\"https:\/\/sushiroom.no\/nesttun\/produkt\/stekt-biff-med-sesamfro-paprika-og-lok\/\"]}]},{\"@type\":\"ImageObject\",\"inLanguage\":\"nb-NO\",\"@id\":\"https:\/\/sushiroom.no\/nesttun\/produkt\/stekt-biff-med-sesamfro-paprika-og-lok\/#primaryimage\",\"url\":\"https:\/\/sushiroom.no\/nesttun\/wp-content\/uploads\/sites\/6\/2023\/12\/Nr11-scaled.jpg\",\"contentUrl\":\"https:\/\/sushiroom.no\/nesttun\/wp-content\/uploads\/sites\/6\/2023\/12\/Nr11-scaled.jpg\",\"width\":2560,\"height\":1707},{\"@type\":\"BreadcrumbList\",\"@id\":\"https:\/\/sushiroom.no\/nesttun\/produkt\/stekt-biff-med-sesamfro-paprika-og-lok\/#breadcrumb\",\"itemListElement\":[{\"@type\":\"ListItem\",\"position\":1,\"name\":\"Hjem\",\"item\":\"https:\/\/sushiroom.no\/nesttun\/\"},{\"@type\":\"ListItem\",\"position\":2,\"name\":\"Bestill Nesttun\",\"item\":\"https:\/\/sushiroom.no\/nesttun\/\"},{\"@type\":\"ListItem\",\"position\":3,\"name\":\"Stekt biff med sesamfro, paprika og l\u00f8k\"}]},{\"@type\":\"WebSite\",\"@id\":\"https:\/\/sushiroom.no\/nesttun\/#website\",\"url\":\"https:\/\/sushiroom.no\/nesttun\/\",\"name\":\"Sushiroom nesttun\",\"description\":\"\",\"potentialAction\":[{\"@type\":\"SearchAction\",\"target\":{\"@type\":\"EntryPoint\",\"urlTemplate\":\"https:\/\/sushiroom.no\/nesttun\/?s={search_term_string}\"},\"query-input\":{\"@type\":\"PropertyValueSpecification\",\"valueRequired\":true,\"valueName\":\"search_term_string\"}}],\"inLanguage\":\"nb-NO\"}]}<\/script>\n<!-- \/ Yoast SEO plugin. -->","yoast_head_json":{"title":"Stekt biff med sesamfro, paprika og l\u00f8k - Sushiroom nesttun","robots":{"index":"index","follow":"follow","max-snippet":"max-snippet:-1","max-image-preview":"max-image-preview:large","max-video-preview":"max-video-preview:-1"},"canonical":"https:\/\/sushiroom.no\/nesttun\/produkt\/stekt-biff-med-sesamfro-paprika-og-lok\/","og_locale":"nb_NO","og_type":"article","og_title":"Stekt biff med sesamfro, paprika og l\u00f8k - Sushiroom nesttun","og_description":"Stekt biff med sesamfr\u00f8, paprika og l\u00f8k. | Allergener: Gluten, egg, soya, sesam, bl\u00f8tdyr, skalldyr, fisk.","og_url":"https:\/\/sushiroom.no\/nesttun\/produkt\/stekt-biff-med-sesamfro-paprika-og-lok\/","og_site_name":"Sushiroom nesttun","article_modified_time":"2025-04-12T15:13:32+00:00","og_image":[{"width":2560,"height":1707,"url":"http:\/\/sushiroom.no\/nesttun\/wp-content\/uploads\/sites\/6\/2023\/12\/Nr11-scaled.jpg","type":"image\/jpeg"}],"twitter_card":"summary_large_image","twitter_misc":{"Ansl. lesetid":"1 minutt"},"schema":{"@context":"https:\/\/schema.org","@graph":[{"@type":"WebPage","@id":"https:\/\/sushiroom.no\/nesttun\/produkt\/stekt-biff-med-sesamfro-paprika-og-lok\/","url":"https:\/\/sushiroom.no\/nesttun\/produkt\/stekt-biff-med-sesamfro-paprika-og-lok\/","name":"Stekt biff med sesamfro, paprika og l\u00f8k - Sushiroom nesttun","isPartOf":{"@id":"https:\/\/sushiroom.no\/nesttun\/#website"},"primaryImageOfPage":{"@id":"https:\/\/sushiroom.no\/nesttun\/produkt\/stekt-biff-med-sesamfro-paprika-og-lok\/#primaryimage"},"image":{"@id":"https:\/\/sushiroom.no\/nesttun\/produkt\/stekt-biff-med-sesamfro-paprika-og-lok\/#primaryimage"},"thumbnailUrl":"https:\/\/sushiroom.no\/nesttun\/wp-content\/uploads\/sites\/6\/2023\/12\/Nr11-scaled.jpg","datePublished":"2023-12-19T19:46:48+00:00","dateModified":"2025-04-12T15:13:32+00:00","breadcrumb":{"@id":"https:\/\/sushiroom.no\/nesttun\/produkt\/stekt-biff-med-sesamfro-paprika-og-lok\/#breadcrumb"},"inLanguage":"nb-NO","potentialAction":[{"@type":"ReadAction","target":["https:\/\/sushiroom.no\/nesttun\/produkt\/stekt-biff-med-sesamfro-paprika-og-lok\/"]}]},{"@type":"ImageObject","inLanguage":"nb-NO","@id":"https:\/\/sushiroom.no\/nesttun\/produkt\/stekt-biff-med-sesamfro-paprika-og-lok\/#primaryimage","url":"https:\/\/sushiroom.no\/nesttun\/wp-content\/uploads\/sites\/6\/2023\/12\/Nr11-scaled.jpg","contentUrl":"https:\/\/sushiroom.no\/nesttun\/wp-content\/uploads\/sites\/6\/2023\/12\/Nr11-scaled.jpg","width":2560,"height":1707},{"@type":"BreadcrumbList","@id":"https:\/\/sushiroom.no\/nesttun\/produkt\/stekt-biff-med-sesamfro-paprika-og-lok\/#breadcrumb","itemListElement":[{"@type":"ListItem","position":1,"name":"Hjem","item":"https:\/\/sushiroom.no\/nesttun\/"},{"@type":"ListItem","position":2,"name":"Bestill Nesttun","item":"https:\/\/sushiroom.no\/nesttun\/"},{"@type":"ListItem","position":3,"name":"Stekt biff med sesamfro, paprika og l\u00f8k"}]},{"@type":"WebSite","@id":"https:\/\/sushiroom.no\/nesttun\/#website","url":"https:\/\/sushiroom.no\/nesttun\/","name":"Sushiroom nesttun","description":"","potentialAction":[{"@type":"SearchAction","target":{"@type":"EntryPoint","urlTemplate":"https:\/\/sushiroom.no\/nesttun\/?s={search_term_string}"},"query-input":{"@type":"PropertyValueSpecification","valueRequired":true,"valueName":"search_term_string"}}],"inLanguage":"nb-NO"}]}},"_links":{"self":[{"href":"https:\/\/sushiroom.no\/nesttun\/wp-json\/wp\/v2\/product\/659"}],"collection":[{"href":"https:\/\/sushiroom.no\/nesttun\/wp-json\/wp\/v2\/product"}],"about":[{"href":"https:\/\/sushiroom.no\/nesttun\/wp-json\/wp\/v2\/types\/product"}],"replies":[{"embeddable":true,"href":"https:\/\/sushiroom.no\/nesttun\/wp-json\/wp\/v2\/comments?post=659"}],"wp:featuredmedia":[{"embeddable":true,"href":"https:\/\/sushiroom.no\/nesttun\/wp-json\/wp\/v2\/media\/681"}],"wp:attachment":[{"href":"https:\/\/sushiroom.no\/nesttun\/wp-json\/wp\/v2\/media?parent=659"}],"wp:term":[{"taxonomy":"product_cat","embeddable":true,"href":"https:\/\/sushiroom.no\/nesttun\/wp-json\/wp\/v2\/product_cat?post=659"},{"taxonomy":"product_tag","embeddable":true,"href":"https:\/\/sushiroom.no\/nesttun\/wp-json\/wp\/v2\/product_tag?post=659"}],"curies":[{"name":"wp","href":"https:\/\/api.w.org\/{rel}","templated":true}]}}